{"id":92,"date":"2024-05-08T09:38:08","date_gmt":"2024-05-08T14:38:08","guid":{"rendered":"https:\/\/viraldigital.com.co\/jm\/?page_id=92"},"modified":"2024-05-24T06:46:33","modified_gmt":"2024-05-24T11:46:33","slug":"politica","status":"publish","type":"page","link":"https:\/\/viraldigital.com.co\/jm\/politica\/","title":{"rendered":"Pol\u00edtica de Privacidad"},"content":{"rendered":"\t\t<div data-elementor-type=\"wp-page\" data-elementor-id=\"92\" class=\"elementor elementor-92\">\n\t\t\t\t\t\t<section class=\"elementor-section elementor-top-section elementor-element elementor-element-c14f315 elementor-section-boxed elementor-section-height-default elementor-section-height-default\" data-id=\"c14f315\" data-element_type=\"section\">\n\t\t\t\t\t\t<div class=\"elementor-container elementor-column-gap-default\">\n\t\t\t\t\t<div class=\"aux-parallax-section elementor-column elementor-col-100 elementor-top-column elementor-element elementor-element-d1d56d6\" data-id=\"d1d56d6\" data-element_type=\"column\">\n\t\t\t<div class=\"elementor-widget-wrap elementor-element-populated\">\n\t\t\t\t\t\t<div class=\"elementor-element elementor-element-a0dc6f6 elementor-widget elementor-widget-heading\" data-id=\"a0dc6f6\" data-element_type=\"widget\" data-widget_type=\"heading.default\">\n\t\t\t\t<div class=\"elementor-widget-container\">\n\t\t\t\t\t<h2 class=\"elementor-heading-title elementor-size-default\">POL\u00cdTICA DE PRIVACIDAD<\/h2>\t\t\t\t<\/div>\n\t\t\t\t<\/div>\n\t\t\t\t\t<\/div>\n\t\t<\/div>\n\t\t\t\t\t<\/div>\n\t\t<\/section>\n\t\t\t\t<section class=\"elementor-section elementor-top-section elementor-element elementor-element-0c9c9f6 elementor-section-boxed elementor-section-height-default elementor-section-height-default\" data-id=\"0c9c9f6\" data-element_type=\"section\">\n\t\t\t\t\t\t<div class=\"elementor-container elementor-column-gap-default\">\n\t\t\t\t\t<div class=\"aux-parallax-section elementor-column elementor-col-100 elementor-top-column elementor-element elementor-element-4be0f2b\" data-id=\"4be0f2b\" data-element_type=\"column\">\n\t\t\t<div class=\"elementor-widget-wrap elementor-element-populated\">\n\t\t\t\t\t\t<div class=\"elementor-element elementor-element-f8de857 elementor-widget elementor-widget-text-editor\" data-id=\"f8de857\" data-element_type=\"widget\" data-widget_type=\"text-editor.default\">\n\t\t\t\t<div class=\"elementor-widget-container\">\n\t\t\t\t\t\t\t\t\t<p>La Ley 1581 de 2012 y su Decreto Reglamentario 1377 de 2013 desarrollan el r\u00e9gimen de protecci\u00f3n de datos personales, y establecen los derechos de los titulares de tales datos, al igual que las obligaciones de los responsables y encargados del tratamiento de los datos personales.<\/p><p>Con el fin de dar cumplimiento al art\u00edculo 10 del mencionado Decreto 1377 de 2013, me permito informarle que en virtud o de obligaciones legales, o de relaciones contractuales y extracontractuales, Jugada Maestra. posee datos personales suyos. Estos datos son tratados de acuerdo con la finalidad legal, contractual o extracontractual que dio lugar a la recolecci\u00f3n.<\/p><p>Como titular de los datos, Usted tiene derecho de, entre otros, conocer, actualizar, rectificar y pedir la supresi\u00f3n de esos datos.<\/p><p>Dentro de los treinta (30) d\u00eda h\u00e1biles contados a partir de la recepci\u00f3n de la presente comunicaci\u00f3n, Usted podr\u00e1 indicar su decisi\u00f3n en cuanto a los datos personales mediante escrito dirigido a la siguiente direcci\u00f3n de correo electr\u00f3nico info@viraldigital.com.co En caso de no recibir escrito dentro de este plazo, Jugada Maestra entender\u00e1 que est\u00e1 autorizado, de manera inequ\u00edvoca, para continuar con el tratamiento de sus datos.<\/p>\t\t\t\t\t\t\t\t<\/div>\n\t\t\t\t<\/div>\n\t\t\t\t\t<\/div>\n\t\t<\/div>\n\t\t\t\t\t<\/div>\n\t\t<\/section>\n\t\t\t\t<\/div>\n\t\t","protected":false},"excerpt":{"rendered":"<p>POL\u00cdTICA DE PRIVACIDAD La Ley 1581 de 2012 y su Decreto Reglamentario 1377 de 2013 desarrollan el r\u00e9gimen de protecci\u00f3n de datos personales, y establecen los derechos de los titulares de tales datos, al igual que las obligaciones de los responsables y encargados del tratamiento de los datos personales. Con el fin de dar cumplimiento [&hellip;]<\/p>\n","protected":false},"author":1,"featured_media":0,"parent":0,"menu_order":0,"comment_status":"closed","ping_status":"closed","template":"","meta":{"_joinchat":[],"footnotes":""},"class_list":["post-92","page","type-page","status-publish","hentry"],"yoast_head":"<!-- This site is optimized with the Yoast SEO plugin v25.0 - https:\/\/yoast.com\/wordpress\/plugins\/seo\/ -->\n<title>Pol\u00edtica de Privacidad - Jugada Maestra | Headhunter Boutique<\/title>\n<meta name=\"robots\" content=\"index, follow, max-snippet:-1, max-image-preview:large, max-video-preview:-1\" \/>\n<link rel=\"canonical\" href=\"https:\/\/viraldigital.com.co\/jm\/politica\/\" \/>\n<meta property=\"og:locale\" content=\"es_ES\" \/>\n<meta property=\"og:type\" content=\"article\" \/>\n<meta property=\"og:title\" content=\"Pol\u00edtica de Privacidad - Jugada Maestra | Headhunter Boutique\" \/>\n<meta property=\"og:description\" content=\"POL\u00cdTICA DE PRIVACIDAD La Ley 1581 de 2012 y su Decreto Reglamentario 1377 de 2013 desarrollan el r\u00e9gimen de protecci\u00f3n de datos personales, y establecen los derechos de los titulares de tales datos, al igual que las obligaciones de los responsables y encargados del tratamiento de los datos personales. Con el fin de dar cumplimiento [&hellip;]\" \/>\n<meta property=\"og:url\" content=\"https:\/\/viraldigital.com.co\/jm\/politica\/\" \/>\n<meta property=\"og:site_name\" content=\"Jugada Maestra | Headhunter Boutique\" \/>\n<meta property=\"article:modified_time\" content=\"2024-05-24T11:46:33+00:00\" \/>\n<meta name=\"twitter:card\" content=\"summary_large_image\" \/>\n<meta name=\"twitter:label1\" content=\"Tiempo de lectura\" \/>\n\t<meta name=\"twitter:data1\" content=\"1 minuto\" \/>\n<script type=\"application\/ld+json\" class=\"yoast-schema-graph\">{\"@context\":\"https:\/\/schema.org\",\"@graph\":[{\"@type\":\"WebPage\",\"@id\":\"https:\/\/viraldigital.com.co\/jm\/politica\/\",\"url\":\"https:\/\/viraldigital.com.co\/jm\/politica\/\",\"name\":\"Pol\u00edtica de Privacidad - Jugada Maestra | Headhunter Boutique\",\"isPartOf\":{\"@id\":\"https:\/\/viraldigital.com.co\/jm\/#website\"},\"datePublished\":\"2024-05-08T14:38:08+00:00\",\"dateModified\":\"2024-05-24T11:46:33+00:00\",\"breadcrumb\":{\"@id\":\"https:\/\/viraldigital.com.co\/jm\/politica\/#breadcrumb\"},\"inLanguage\":\"es\",\"potentialAction\":[{\"@type\":\"ReadAction\",\"target\":[\"https:\/\/viraldigital.com.co\/jm\/politica\/\"]}]},{\"@type\":\"BreadcrumbList\",\"@id\":\"https:\/\/viraldigital.com.co\/jm\/politica\/#breadcrumb\",\"itemListElement\":[{\"@type\":\"ListItem\",\"position\":1,\"name\":\"Portada\",\"item\":\"https:\/\/viraldigital.com.co\/jm\/\"},{\"@type\":\"ListItem\",\"position\":2,\"name\":\"Pol\u00edtica de Privacidad\"}]},{\"@type\":\"WebSite\",\"@id\":\"https:\/\/viraldigital.com.co\/jm\/#website\",\"url\":\"https:\/\/viraldigital.com.co\/jm\/\",\"name\":\"Jugada Maestra | Headhunter Boutique\",\"description\":\"Caza Talentos Expertos | Selecci\u00f3n de Personal | Ejecutivos | Juntas Directivas\",\"publisher\":{\"@id\":\"https:\/\/viraldigital.com.co\/jm\/#organization\"},\"potentialAction\":[{\"@type\":\"SearchAction\",\"target\":{\"@type\":\"EntryPoint\",\"urlTemplate\":\"https:\/\/viraldigital.com.co\/jm\/?s={search_term_string}\"},\"query-input\":{\"@type\":\"PropertyValueSpecification\",\"valueRequired\":true,\"valueName\":\"search_term_string\"}}],\"inLanguage\":\"es\"},{\"@type\":\"Organization\",\"@id\":\"https:\/\/viraldigital.com.co\/jm\/#organization\",\"name\":\"Jugada Maestra | Headhunter Boutique\",\"url\":\"https:\/\/viraldigital.com.co\/jm\/\",\"logo\":{\"@type\":\"ImageObject\",\"inLanguage\":\"es\",\"@id\":\"https:\/\/viraldigital.com.co\/jm\/#\/schema\/logo\/image\/\",\"url\":\"https:\/\/viraldigital.com.co\/jm\/wp-content\/uploads\/headhunter-boutique-jugada-maestra-logo-e1750175539760.png\",\"contentUrl\":\"https:\/\/viraldigital.com.co\/jm\/wp-content\/uploads\/headhunter-boutique-jugada-maestra-logo-e1750175539760.png\",\"width\":180,\"height\":74,\"caption\":\"Jugada Maestra | Headhunter Boutique\"},\"image\":{\"@id\":\"https:\/\/viraldigital.com.co\/jm\/#\/schema\/logo\/image\/\"}}]}<\/script>\n<!-- \/ Yoast SEO plugin. -->","yoast_head_json":{"title":"Pol\u00edtica de Privacidad - Jugada Maestra | Headhunter Boutique","robots":{"index":"index","follow":"follow","max-snippet":"max-snippet:-1","max-image-preview":"max-image-preview:large","max-video-preview":"max-video-preview:-1"},"canonical":"https:\/\/viraldigital.com.co\/jm\/politica\/","og_locale":"es_ES","og_type":"article","og_title":"Pol\u00edtica de Privacidad - Jugada Maestra | Headhunter Boutique","og_description":"POL\u00cdTICA DE PRIVACIDAD La Ley 1581 de 2012 y su Decreto Reglamentario 1377 de 2013 desarrollan el r\u00e9gimen de protecci\u00f3n de datos personales, y establecen los derechos de los titulares de tales datos, al igual que las obligaciones de los responsables y encargados del tratamiento de los datos personales. Con el fin de dar cumplimiento [&hellip;]","og_url":"https:\/\/viraldigital.com.co\/jm\/politica\/","og_site_name":"Jugada Maestra | Headhunter Boutique","article_modified_time":"2024-05-24T11:46:33+00:00","twitter_card":"summary_large_image","twitter_misc":{"Tiempo de lectura":"1 minuto"},"schema":{"@context":"https:\/\/schema.org","@graph":[{"@type":"WebPage","@id":"https:\/\/viraldigital.com.co\/jm\/politica\/","url":"https:\/\/viraldigital.com.co\/jm\/politica\/","name":"Pol\u00edtica de Privacidad - Jugada Maestra | Headhunter Boutique","isPartOf":{"@id":"https:\/\/viraldigital.com.co\/jm\/#website"},"datePublished":"2024-05-08T14:38:08+00:00","dateModified":"2024-05-24T11:46:33+00:00","breadcrumb":{"@id":"https:\/\/viraldigital.com.co\/jm\/politica\/#breadcrumb"},"inLanguage":"es","potentialAction":[{"@type":"ReadAction","target":["https:\/\/viraldigital.com.co\/jm\/politica\/"]}]},{"@type":"BreadcrumbList","@id":"https:\/\/viraldigital.com.co\/jm\/politica\/#breadcrumb","itemListElement":[{"@type":"ListItem","position":1,"name":"Portada","item":"https:\/\/viraldigital.com.co\/jm\/"},{"@type":"ListItem","position":2,"name":"Pol\u00edtica de Privacidad"}]},{"@type":"WebSite","@id":"https:\/\/viraldigital.com.co\/jm\/#website","url":"https:\/\/viraldigital.com.co\/jm\/","name":"Jugada Maestra | Headhunter Boutique","description":"Caza Talentos Expertos | Selecci\u00f3n de Personal | Ejecutivos | Juntas Directivas","publisher":{"@id":"https:\/\/viraldigital.com.co\/jm\/#organization"},"potentialAction":[{"@type":"SearchAction","target":{"@type":"EntryPoint","urlTemplate":"https:\/\/viraldigital.com.co\/jm\/?s={search_term_string}"},"query-input":{"@type":"PropertyValueSpecification","valueRequired":true,"valueName":"search_term_string"}}],"inLanguage":"es"},{"@type":"Organization","@id":"https:\/\/viraldigital.com.co\/jm\/#organization","name":"Jugada Maestra | Headhunter Boutique","url":"https:\/\/viraldigital.com.co\/jm\/","logo":{"@type":"ImageObject","inLanguage":"es","@id":"https:\/\/viraldigital.com.co\/jm\/#\/schema\/logo\/image\/","url":"https:\/\/viraldigital.com.co\/jm\/wp-content\/uploads\/headhunter-boutique-jugada-maestra-logo-e1750175539760.png","contentUrl":"https:\/\/viraldigital.com.co\/jm\/wp-content\/uploads\/headhunter-boutique-jugada-maestra-logo-e1750175539760.png","width":180,"height":74,"caption":"Jugada Maestra | Headhunter Boutique"},"image":{"@id":"https:\/\/viraldigital.com.co\/jm\/#\/schema\/logo\/image\/"}}]}},"_links":{"self":[{"href":"https:\/\/viraldigital.com.co\/jm\/wp-json\/wp\/v2\/pages\/92","targetHints":{"allow":["GET"]}}],"collection":[{"href":"https:\/\/viraldigital.com.co\/jm\/wp-json\/wp\/v2\/pages"}],"about":[{"href":"https:\/\/viraldigital.com.co\/jm\/wp-json\/wp\/v2\/types\/page"}],"author":[{"embeddable":true,"href":"https:\/\/viraldigital.com.co\/jm\/wp-json\/wp\/v2\/users\/1"}],"replies":[{"embeddable":true,"href":"https:\/\/viraldigital.com.co\/jm\/wp-json\/wp\/v2\/comments?post=92"}],"version-history":[{"count":7,"href":"https:\/\/viraldigital.com.co\/jm\/wp-json\/wp\/v2\/pages\/92\/revisions"}],"predecessor-version":[{"id":677,"href":"https:\/\/viraldigital.com.co\/jm\/wp-json\/wp\/v2\/pages\/92\/revisions\/677"}],"wp:attachment":[{"href":"https:\/\/viraldigital.com.co\/jm\/wp-json\/wp\/v2\/media?parent=92"}],"curies":[{"name":"wp","href":"https:\/\/api.w.org\/{rel}","templated":true}]}}