{"id":115,"date":"2024-05-08T10:11:40","date_gmt":"2024-05-08T15:11:40","guid":{"rendered":"https:\/\/viraldigital.com.co\/jm\/?page_id=115"},"modified":"2025-06-17T13:50:07","modified_gmt":"2025-06-17T18:50:07","slug":"posiciones-disponibles","status":"publish","type":"page","link":"https:\/\/viraldigital.com.co\/jm\/posiciones-disponibles\/","title":{"rendered":"Posiciones disponibles"},"content":{"rendered":"\t\t<div data-elementor-type=\"wp-page\" data-elementor-id=\"115\" class=\"elementor elementor-115\">\n\t\t\t\t\t\t<section class=\"elementor-section elementor-top-section elementor-element elementor-element-1a949e5 elementor-section-boxed elementor-section-height-default elementor-section-height-default\" data-id=\"1a949e5\" data-element_type=\"section\">\n\t\t\t\t\t\t<div class=\"elementor-container elementor-column-gap-default\">\n\t\t\t\t\t<div class=\"aux-parallax-section elementor-column elementor-col-100 elementor-top-column elementor-element elementor-element-e0f0eea\" data-id=\"e0f0eea\" data-element_type=\"column\">\n\t\t\t<div class=\"elementor-widget-wrap elementor-element-populated\">\n\t\t\t\t\t\t<div class=\"elementor-element elementor-element-850526f elementor-align-center elementor-widget elementor-widget-button\" data-id=\"850526f\" data-element_type=\"widget\" data-widget_type=\"button.default\">\n\t\t\t\t<div class=\"elementor-widget-container\">\n\t\t\t\t\t\t\t\t\t<div class=\"elementor-button-wrapper\">\n\t\t\t\t\t<a class=\"elementor-button elementor-button-link elementor-size-sm\" href=\"https:\/\/www.careers-page.com\/jugada-maestra\">\n\t\t\t\t\t\t<span class=\"elementor-button-content-wrapper\">\n\t\t\t\t\t\t\t\t\t<span class=\"elementor-button-text\">Carreras Profesionales<br><br>Ver Posiciones Disponibles<\/span>\n\t\t\t\t\t<\/span>\n\t\t\t\t\t<\/a>\n\t\t\t\t<\/div>\n\t\t\t\t\t\t\t\t<\/div>\n\t\t\t\t<\/div>\n\t\t\t\t\t<\/div>\n\t\t<\/div>\n\t\t\t\t\t<\/div>\n\t\t<\/section>\n\t\t\t\t<section class=\"elementor-section elementor-top-section elementor-element elementor-element-0db39c5 elementor-section-boxed elementor-section-height-default elementor-section-height-default\" data-id=\"0db39c5\" data-element_type=\"section\">\n\t\t\t\t\t\t<div class=\"elementor-container elementor-column-gap-default\">\n\t\t\t\t\t<div class=\"aux-parallax-section elementor-column elementor-col-100 elementor-top-column elementor-element elementor-element-3d24325\" data-id=\"3d24325\" data-element_type=\"column\">\n\t\t\t<div class=\"elementor-widget-wrap elementor-element-populated\">\n\t\t\t\t\t\t<div class=\"elementor-element elementor-element-aa72ad3 elementor-align-center elementor-widget elementor-widget-button\" data-id=\"aa72ad3\" data-element_type=\"widget\" data-widget_type=\"button.default\">\n\t\t\t\t<div class=\"elementor-widget-container\">\n\t\t\t\t\t\t\t\t\t<div class=\"elementor-button-wrapper\">\n\t\t\t\t\t<a class=\"elementor-button elementor-button-link elementor-size-sm\" href=\"https:\/\/viraldigital.com.co\/jm\/contacto\/#hv\">\n\t\t\t\t\t\t<span class=\"elementor-button-content-wrapper\">\n\t\t\t\t\t\t\t\t\t<span class=\"elementor-button-text\">Adjuntar Curr\u00edculum<\/span>\n\t\t\t\t\t<\/span>\n\t\t\t\t\t<\/a>\n\t\t\t\t<\/div>\n\t\t\t\t\t\t\t\t<\/div>\n\t\t\t\t<\/div>\n\t\t\t\t\t<\/div>\n\t\t<\/div>\n\t\t\t\t\t<\/div>\n\t\t<\/section>\n\t\t\t\t<section class=\"elementor-section elementor-top-section elementor-element elementor-element-dd7b06a elementor-section-boxed elementor-section-height-default elementor-section-height-default\" data-id=\"dd7b06a\" data-element_type=\"section\">\n\t\t\t\t\t\t<div class=\"elementor-container elementor-column-gap-default\">\n\t\t\t\t\t<div class=\"aux-parallax-section elementor-column elementor-col-100 elementor-top-column elementor-element elementor-element-a25125e\" data-id=\"a25125e\" data-element_type=\"column\">\n\t\t\t<div class=\"elementor-widget-wrap elementor-element-populated\">\n\t\t\t\t\t\t<div class=\"elementor-element elementor-element-a076349 elementor-widget elementor-widget-aux_modern_heading\" data-id=\"a076349\" data-element_type=\"widget\" data-widget_type=\"aux_modern_heading.default\">\n\t\t\t\t<div class=\"elementor-widget-container\">\n\t\t\t\t\t<section class=\"aux-widget-modern-heading\">\n            <div class=\"aux-widget-inner\"><h2 class=\"aux-modern-heading-primary\">Nuestras ofertas son confidenciales.<br> A discreci\u00f3n de nuestros clientes hacemos la publicaci\u00f3n en nuestro perfil de linkedin.<br>S\u00edguenos en:\n<\/h2><\/div>\n        <\/section>\t\t\t\t<\/div>\n\t\t\t\t<\/div>\n\t\t\t\t<div class=\"elementor-element elementor-element-9cb0d28 elementor-widget elementor-widget-aux_modern_heading\" data-id=\"9cb0d28\" data-element_type=\"widget\" data-widget_type=\"aux_modern_heading.default\">\n\t\t\t\t<div class=\"elementor-widget-container\">\n\t\t\t\t\t<section class=\"aux-widget-modern-heading\">\n            <div class=\"aux-widget-inner\"><a href=\"https:\/\/www.linkedin.com\/in\/consultores-jugada-maestra-undefined-416808341\/\" class=\"aux-modern-heading-primary-link\"><h2 class=\"aux-modern-heading-primary\">@consultoresjugadamaestra<\/h2><\/a><div class=\"aux-modern-heading-divider\"><\/div><h3 class=\"aux-modern-heading-secondary\"><span class=\"aux-head-before\">Adjunta tu curriculum y quedar\u00e1s en nuestra base de datos para procesos que se ajusten a tu pefil.<\/span><\/h3><\/div>\n        <\/section>\t\t\t\t<\/div>\n\t\t\t\t<\/div>\n\t\t\t\t\t<\/div>\n\t\t<\/div>\n\t\t\t\t\t<\/div>\n\t\t<\/section>\n\t\t\t\t<\/div>\n\t\t","protected":false},"excerpt":{"rendered":"<p>Carreras Profesionales Ver Posiciones Disponibles Adjuntar Curr\u00edculum Nuestras ofertas son confidenciales. A discreci\u00f3n de nuestros clientes hacemos la publicaci\u00f3n en nuestro perfil de linkedin.S\u00edguenos en: @consultoresjugadamaestra Adjunta tu curriculum y quedar\u00e1s en nuestra base de datos para procesos que se ajusten a tu pefil.<\/p>\n","protected":false},"author":1,"featured_media":0,"parent":0,"menu_order":0,"comment_status":"closed","ping_status":"closed","template":"","meta":{"_joinchat":[],"footnotes":""},"class_list":["post-115","page","type-page","status-publish","hentry"],"yoast_head":"<!-- This site is optimized with the Yoast SEO plugin v25.0 - https:\/\/yoast.com\/wordpress\/plugins\/seo\/ -->\n<title>Posiciones disponibles - Jugada Maestra | Headhunter Boutique<\/title>\n<meta name=\"robots\" content=\"index, follow, max-snippet:-1, max-image-preview:large, max-video-preview:-1\" \/>\n<link rel=\"canonical\" href=\"https:\/\/viraldigital.com.co\/jm\/posiciones-disponibles\/\" \/>\n<meta property=\"og:locale\" content=\"es_ES\" \/>\n<meta property=\"og:type\" content=\"article\" \/>\n<meta property=\"og:title\" content=\"Posiciones disponibles - Jugada Maestra | Headhunter Boutique\" \/>\n<meta property=\"og:description\" content=\"Carreras Profesionales Ver Posiciones Disponibles Adjuntar Curr\u00edculum Nuestras ofertas son confidenciales. A discreci\u00f3n de nuestros clientes hacemos la publicaci\u00f3n en nuestro perfil de linkedin.S\u00edguenos en: @consultoresjugadamaestra Adjunta tu curriculum y quedar\u00e1s en nuestra base de datos para procesos que se ajusten a tu pefil.\" \/>\n<meta property=\"og:url\" content=\"https:\/\/viraldigital.com.co\/jm\/posiciones-disponibles\/\" \/>\n<meta property=\"og:site_name\" content=\"Jugada Maestra | Headhunter Boutique\" \/>\n<meta property=\"article:modified_time\" content=\"2025-06-17T18:50:07+00:00\" \/>\n<meta name=\"twitter:card\" content=\"summary_large_image\" \/>\n<meta name=\"twitter:label1\" content=\"Tiempo de lectura\" \/>\n\t<meta name=\"twitter:data1\" content=\"1 minuto\" \/>\n<script type=\"application\/ld+json\" class=\"yoast-schema-graph\">{\"@context\":\"https:\/\/schema.org\",\"@graph\":[{\"@type\":\"WebPage\",\"@id\":\"https:\/\/viraldigital.com.co\/jm\/posiciones-disponibles\/\",\"url\":\"https:\/\/viraldigital.com.co\/jm\/posiciones-disponibles\/\",\"name\":\"Posiciones disponibles - Jugada Maestra | Headhunter Boutique\",\"isPartOf\":{\"@id\":\"https:\/\/viraldigital.com.co\/jm\/#website\"},\"datePublished\":\"2024-05-08T15:11:40+00:00\",\"dateModified\":\"2025-06-17T18:50:07+00:00\",\"breadcrumb\":{\"@id\":\"https:\/\/viraldigital.com.co\/jm\/posiciones-disponibles\/#breadcrumb\"},\"inLanguage\":\"es\",\"potentialAction\":[{\"@type\":\"ReadAction\",\"target\":[\"https:\/\/viraldigital.com.co\/jm\/posiciones-disponibles\/\"]}]},{\"@type\":\"BreadcrumbList\",\"@id\":\"https:\/\/viraldigital.com.co\/jm\/posiciones-disponibles\/#breadcrumb\",\"itemListElement\":[{\"@type\":\"ListItem\",\"position\":1,\"name\":\"Portada\",\"item\":\"https:\/\/viraldigital.com.co\/jm\/\"},{\"@type\":\"ListItem\",\"position\":2,\"name\":\"Posiciones disponibles\"}]},{\"@type\":\"WebSite\",\"@id\":\"https:\/\/viraldigital.com.co\/jm\/#website\",\"url\":\"https:\/\/viraldigital.com.co\/jm\/\",\"name\":\"Jugada Maestra | Headhunter Boutique\",\"description\":\"Caza Talentos Expertos | Selecci\u00f3n de Personal | Ejecutivos | Juntas Directivas\",\"publisher\":{\"@id\":\"https:\/\/viraldigital.com.co\/jm\/#organization\"},\"potentialAction\":[{\"@type\":\"SearchAction\",\"target\":{\"@type\":\"EntryPoint\",\"urlTemplate\":\"https:\/\/viraldigital.com.co\/jm\/?s={search_term_string}\"},\"query-input\":{\"@type\":\"PropertyValueSpecification\",\"valueRequired\":true,\"valueName\":\"search_term_string\"}}],\"inLanguage\":\"es\"},{\"@type\":\"Organization\",\"@id\":\"https:\/\/viraldigital.com.co\/jm\/#organization\",\"name\":\"Jugada Maestra | Headhunter Boutique\",\"url\":\"https:\/\/viraldigital.com.co\/jm\/\",\"logo\":{\"@type\":\"ImageObject\",\"inLanguage\":\"es\",\"@id\":\"https:\/\/viraldigital.com.co\/jm\/#\/schema\/logo\/image\/\",\"url\":\"https:\/\/viraldigital.com.co\/jm\/wp-content\/uploads\/headhunter-boutique-jugada-maestra-logo-e1750175539760.png\",\"contentUrl\":\"https:\/\/viraldigital.com.co\/jm\/wp-content\/uploads\/headhunter-boutique-jugada-maestra-logo-e1750175539760.png\",\"width\":180,\"height\":74,\"caption\":\"Jugada Maestra | Headhunter Boutique\"},\"image\":{\"@id\":\"https:\/\/viraldigital.com.co\/jm\/#\/schema\/logo\/image\/\"}}]}<\/script>\n<!-- \/ Yoast SEO plugin. -->","yoast_head_json":{"title":"Posiciones disponibles - Jugada Maestra | Headhunter Boutique","robots":{"index":"index","follow":"follow","max-snippet":"max-snippet:-1","max-image-preview":"max-image-preview:large","max-video-preview":"max-video-preview:-1"},"canonical":"https:\/\/viraldigital.com.co\/jm\/posiciones-disponibles\/","og_locale":"es_ES","og_type":"article","og_title":"Posiciones disponibles - Jugada Maestra | Headhunter Boutique","og_description":"Carreras Profesionales Ver Posiciones Disponibles Adjuntar Curr\u00edculum Nuestras ofertas son confidenciales. A discreci\u00f3n de nuestros clientes hacemos la publicaci\u00f3n en nuestro perfil de linkedin.S\u00edguenos en: @consultoresjugadamaestra Adjunta tu curriculum y quedar\u00e1s en nuestra base de datos para procesos que se ajusten a tu pefil.","og_url":"https:\/\/viraldigital.com.co\/jm\/posiciones-disponibles\/","og_site_name":"Jugada Maestra | Headhunter Boutique","article_modified_time":"2025-06-17T18:50:07+00:00","twitter_card":"summary_large_image","twitter_misc":{"Tiempo de lectura":"1 minuto"},"schema":{"@context":"https:\/\/schema.org","@graph":[{"@type":"WebPage","@id":"https:\/\/viraldigital.com.co\/jm\/posiciones-disponibles\/","url":"https:\/\/viraldigital.com.co\/jm\/posiciones-disponibles\/","name":"Posiciones disponibles - Jugada Maestra | Headhunter Boutique","isPartOf":{"@id":"https:\/\/viraldigital.com.co\/jm\/#website"},"datePublished":"2024-05-08T15:11:40+00:00","dateModified":"2025-06-17T18:50:07+00:00","breadcrumb":{"@id":"https:\/\/viraldigital.com.co\/jm\/posiciones-disponibles\/#breadcrumb"},"inLanguage":"es","potentialAction":[{"@type":"ReadAction","target":["https:\/\/viraldigital.com.co\/jm\/posiciones-disponibles\/"]}]},{"@type":"BreadcrumbList","@id":"https:\/\/viraldigital.com.co\/jm\/posiciones-disponibles\/#breadcrumb","itemListElement":[{"@type":"ListItem","position":1,"name":"Portada","item":"https:\/\/viraldigital.com.co\/jm\/"},{"@type":"ListItem","position":2,"name":"Posiciones disponibles"}]},{"@type":"WebSite","@id":"https:\/\/viraldigital.com.co\/jm\/#website","url":"https:\/\/viraldigital.com.co\/jm\/","name":"Jugada Maestra | Headhunter Boutique","description":"Caza Talentos Expertos | Selecci\u00f3n de Personal | Ejecutivos | Juntas Directivas","publisher":{"@id":"https:\/\/viraldigital.com.co\/jm\/#organization"},"potentialAction":[{"@type":"SearchAction","target":{"@type":"EntryPoint","urlTemplate":"https:\/\/viraldigital.com.co\/jm\/?s={search_term_string}"},"query-input":{"@type":"PropertyValueSpecification","valueRequired":true,"valueName":"search_term_string"}}],"inLanguage":"es"},{"@type":"Organization","@id":"https:\/\/viraldigital.com.co\/jm\/#organization","name":"Jugada Maestra | Headhunter Boutique","url":"https:\/\/viraldigital.com.co\/jm\/","logo":{"@type":"ImageObject","inLanguage":"es","@id":"https:\/\/viraldigital.com.co\/jm\/#\/schema\/logo\/image\/","url":"https:\/\/viraldigital.com.co\/jm\/wp-content\/uploads\/headhunter-boutique-jugada-maestra-logo-e1750175539760.png","contentUrl":"https:\/\/viraldigital.com.co\/jm\/wp-content\/uploads\/headhunter-boutique-jugada-maestra-logo-e1750175539760.png","width":180,"height":74,"caption":"Jugada Maestra | Headhunter Boutique"},"image":{"@id":"https:\/\/viraldigital.com.co\/jm\/#\/schema\/logo\/image\/"}}]}},"_links":{"self":[{"href":"https:\/\/viraldigital.com.co\/jm\/wp-json\/wp\/v2\/pages\/115","targetHints":{"allow":["GET"]}}],"collection":[{"href":"https:\/\/viraldigital.com.co\/jm\/wp-json\/wp\/v2\/pages"}],"about":[{"href":"https:\/\/viraldigital.com.co\/jm\/wp-json\/wp\/v2\/types\/page"}],"author":[{"embeddable":true,"href":"https:\/\/viraldigital.com.co\/jm\/wp-json\/wp\/v2\/users\/1"}],"replies":[{"embeddable":true,"href":"https:\/\/viraldigital.com.co\/jm\/wp-json\/wp\/v2\/comments?post=115"}],"version-history":[{"count":44,"href":"https:\/\/viraldigital.com.co\/jm\/wp-json\/wp\/v2\/pages\/115\/revisions"}],"predecessor-version":[{"id":1427,"href":"https:\/\/viraldigital.com.co\/jm\/wp-json\/wp\/v2\/pages\/115\/revisions\/1427"}],"wp:attachment":[{"href":"https:\/\/viraldigital.com.co\/jm\/wp-json\/wp\/v2\/media?parent=115"}],"curies":[{"name":"wp","href":"https:\/\/api.w.org\/{rel}","templated":true}]}}